{"id":9,"date":"2019-08-05T12:35:02","date_gmt":"2019-08-05T12:35:02","guid":{"rendered":"http:\/\/hein-plan.de\/?page_id=9"},"modified":"2023-03-17T11:28:48","modified_gmt":"2023-03-17T11:28:48","slug":"kontakt","status":"publish","type":"page","link":"https:\/\/hein-plan.de\/?page_id=9","title":{"rendered":"\u00fcber mhp"},"content":{"rendered":"\n<p>PLANUNG \/ AUSBAU \/ INNENARCHITEKTUR<\/p>\n\n\n\n<p><strong>Leistungen<\/strong><\/p>\n\n\n\n<p>alle Leistungsphasen der HOAI<\/p>\n\n\n\n<p>\u2022 Vorplanung &amp; Konzeptentwicklung (LPH 1-2)<\/p>\n\n\n\n<p>\u2022 Einrichtungs- und Entwurfsplanung (LPH 3)<\/p>\n\n\n\n<p>\u2022 Genehmigungsplanung (LPH 4, Bauantr\u00e4ge)<\/p>\n\n\n\n<p>\u2022 Ausf\u00fchrungsplanung (LPH 5)<\/p>\n\n\n\n<p>\u2022 Ausschreibung und Vergabe (LPH 6)<\/p>\n\n\n\n<p>\u2022 Mitwirkung bei der Vergabe (LPH 8)<\/p>\n\n\n\n<p>\u2022 Bauleitung (LPH 8)<\/p>\n\n\n\n<ul><li>von der Standard Wohnungssanierung, \u00fcber individuelle M\u00f6belentw\u00fcrfe bis zum hochwertigen Villenausbau als Komplettleistung<\/li><li>umfangreichere Projekte werden in enger Zusammenarbeit mit der Firma <a rel=\"noreferrer noopener\" aria-label=\" (\u00f6ffnet in neuem Tab)\" href=\"http:\/\/oform.de\/\" target=\"_blank\"><strong>Oform<\/strong><\/a> realisiert<\/li><li>ein \u00fcber Jahre gewachsenen Netzwerk an Architekten, Fachplanern und allen Gewerken\/ Handwerkern erm\u00f6glicht ein schnelles Reagieren auf kleine und gr\u00f6\u00dfere Anfragen<\/li><li>schnelle Kostensch\u00e4tzungen f\u00fcr Aus-\/ Umbauten und Sanierungen, zur Entscheidungsfindung bei Immobilienank\u00e4ufen<\/li><li>Beratung und Hilfe bei Vermietung von Wohneigentum<\/li><\/ul>\n\n\n\n<p><\/p>\n\n\n\n<p><\/p>\n\n\n\n<p><strong>\u00fcber mich<\/strong>:<\/p>\n\n\n\n<p>Ich wurde 1980 in Berlin geboren, wachse in Jena auf, absolviere dort: Schule, Jugend, Fachabitur und den Zivildienst.<\/p>\n\n\n\n<p>In der N\u00e4he von Oldenburg finde ich im Jahr 2000 einen Ausbildungplatz zum Tischler bei Firma <a rel=\"noreferrer noopener\" href=\"https:\/\/gerdes-ladenbau.de\/\" target=\"_blank\"><strong>Gerdes.<\/strong><\/a><\/p>\n\n\n\n<p>Das Studium der Innenarchitektur dann an der Fachhochschule in Coburg ab 2003.<\/p>\n\n\n\n<p>Dort w\u00e4hrend des Studums erste selbstst\u00e4ndige Bet\u00e4tigungen, kleine Bauvorhaben und Messest\u00e4nde. <\/p>\n\n\n\n<p>Nach dem Abschluss zum Dipl.-Ing. (Fh) arbeite ich als Innenarchitekt, Projektleiter und Bauleiter f\u00fcr die Berliner Innenarchitekten <strong><a rel=\"noreferrer noopener\" href=\"http:\/\/increart.de\/\" target=\"_blank\">Increart<\/a>,<\/strong> im Bereich Sanierung, sowie individueller und hochwertiger Innenausbau\/ M\u00f6belplanung.<\/p>\n\n\n\n<p>Seit 2016 mit mhp als Innenarchitekt selbstst\u00e4ndig.<\/p>\n\n\n\n<p><\/p>\n\n\n\n<p><\/p>\n","protected":false},"excerpt":{"rendered":"<p>PLANUNG \/ AUSBAU \/ INNENARCHITEKTUR Leistungen alle Leistungsphasen der HOAI \u2022 Vorplanung &amp; Konzeptentwicklung (LPH 1-2) \u2022 Einrichtungs- und Entwurfsplanung (LPH 3) \u2022 Genehmigungsplanung (LPH 4, Bauantr\u00e4ge) \u2022 Ausf\u00fchrungsplanung (LPH 5) \u2022 Ausschreibung und Vergabe (LPH 6) \u2022 Mitwirkung bei der Vergabe (LPH 8) \u2022 Bauleitung (LPH 8) von der Standard Wohnungssanierung, \u00fcber individuelle M\u00f6belentw\u00fcrfe [&hellip;]<\/p>\n","protected":false},"author":1,"featured_media":0,"parent":0,"menu_order":0,"comment_status":"closed","ping_status":"closed","template":"page-templates\/about-page.php","meta":[],"jetpack_sharing_enabled":true,"_links":{"self":[{"href":"https:\/\/hein-plan.de\/index.php?rest_route=\/wp\/v2\/pages\/9"}],"collection":[{"href":"https:\/\/hein-plan.de\/index.php?rest_route=\/wp\/v2\/pages"}],"about":[{"href":"https:\/\/hein-plan.de\/index.php?rest_route=\/wp\/v2\/types\/page"}],"author":[{"embeddable":true,"href":"https:\/\/hein-plan.de\/index.php?rest_route=\/wp\/v2\/users\/1"}],"replies":[{"embeddable":true,"href":"https:\/\/hein-plan.de\/index.php?rest_route=%2Fwp%2Fv2%2Fcomments&post=9"}],"version-history":[{"count":22,"href":"https:\/\/hein-plan.de\/index.php?rest_route=\/wp\/v2\/pages\/9\/revisions"}],"predecessor-version":[{"id":568,"href":"https:\/\/hein-plan.de\/index.php?rest_route=\/wp\/v2\/pages\/9\/revisions\/568"}],"wp:attachment":[{"href":"https:\/\/hein-plan.de\/index.php?rest_route=%2Fwp%2Fv2%2Fmedia&parent=9"}],"curies":[{"name":"wp","href":"https:\/\/api.w.org\/{rel}","templated":true}]}}